{"id":23,"date":"2026-03-09T11:33:59","date_gmt":"2026-03-09T11:33:59","guid":{"rendered":"https:\/\/qotvexa.online\/?page_id=23"},"modified":"2026-03-09T11:34:02","modified_gmt":"2026-03-09T11:34:02","slug":"contactos-da-oficina","status":"publish","type":"page","link":"https:\/\/qotvexa.online\/?page_id=23","title":{"rendered":"Contactos da oficina"},"content":{"rendered":"\n<p>A nossa oficina est\u00e1 localizada na zona de Sangalhos em Anadia mesmo ao lado das principais instala\u00e7\u00f5es de ciclismo nacional onde prestamos assist\u00eancia t\u00e9cnica a todos os entusiastas da pista.<\/p>\n\n\n\n<p><strong>Meios de comunica\u00e7\u00e3o<\/strong><br>Telefone fixo: <strong>+351-204-728-448<\/strong><br>Correio eletr\u00f3nico: <strong>connect@qotvexa.online<\/strong><\/p>\n\n\n\n<p><strong>Localiza\u00e7\u00e3o t\u00e9cnica<\/strong><br>Endere\u00e7o completo: <strong>R. Ivo Neves 83, 3780-524 Sangalhos<\/strong><\/p>\n\n\n\n<p><strong>Hor\u00e1rio de trabalho<\/strong><br>Segunda a Sexta-feira das 08:30 \u00e0s 13:00 e das 14:30 \u00e0s 19:00<br>S\u00e1bados das 09:00 \u00e0s 13:00 para entregas e revis\u00f5es r\u00e1pidas<br>Encerrado aos Domingos e Feriados nacionais<\/p>\n","protected":false},"excerpt":{"rendered":"<p>A nossa oficina est\u00e1 localizada na zona de Sangalhos em Anadia mesmo ao lado das principais instala\u00e7\u00f5es de ciclismo nacional onde prestamos assist\u00eancia t\u00e9cnica a todos os entusiastas da pista. Meios de comunica\u00e7\u00e3oTelefone fixo: +351-204-728-448Correio eletr\u00f3nico: connect@qotvexa.online Localiza\u00e7\u00e3o t\u00e9cnicaEndere\u00e7o completo: R. Ivo Neves 83, 3780-524 Sangalhos Hor\u00e1rio de trabalhoSegunda a Sexta-feira das 08:30 \u00e0s 13:00 [&hellip;]<\/p>\n","protected":false},"author":1,"featured_media":0,"parent":0,"menu_order":5,"comment_status":"closed","ping_status":"closed","template":"","meta":{"footnotes":""},"class_list":["post-23","page","type-page","status-publish","hentry"],"_links":{"self":[{"href":"https:\/\/qotvexa.online\/index.php?rest_route=\/wp\/v2\/pages\/23","targetHints":{"allow":["GET"]}}],"collection":[{"href":"https:\/\/qotvexa.online\/index.php?rest_route=\/wp\/v2\/pages"}],"about":[{"href":"https:\/\/qotvexa.online\/index.php?rest_route=\/wp\/v2\/types\/page"}],"author":[{"embeddable":true,"href":"https:\/\/qotvexa.online\/index.php?rest_route=\/wp\/v2\/users\/1"}],"replies":[{"embeddable":true,"href":"https:\/\/qotvexa.online\/index.php?rest_route=%2Fwp%2Fv2%2Fcomments&post=23"}],"version-history":[{"count":1,"href":"https:\/\/qotvexa.online\/index.php?rest_route=\/wp\/v2\/pages\/23\/revisions"}],"predecessor-version":[{"id":24,"href":"https:\/\/qotvexa.online\/index.php?rest_route=\/wp\/v2\/pages\/23\/revisions\/24"}],"wp:attachment":[{"href":"https:\/\/qotvexa.online\/index.php?rest_route=%2Fwp%2Fv2%2Fmedia&parent=23"}],"curies":[{"name":"wp","href":"https:\/\/api.w.org\/{rel}","templated":true}]}}